{"id":2327,"date":"2022-10-17T15:19:37","date_gmt":"2022-10-17T15:19:37","guid":{"rendered":"https:\/\/pinosgenilturismo.com\/?page_id=2327"},"modified":"2022-10-20T10:48:24","modified_gmt":"2022-10-20T10:48:24","slug":"history","status":"publish","type":"page","link":"https:\/\/pinosgenilturismo.com\/en\/history\/","title":{"rendered":"HISTORY"},"content":{"rendered":"<div class=\"fusion-fullwidth fullwidth-box fusion-builder-row-1 fusion-flex-container nonhundred-percent-fullwidth non-hundred-percent-height-scrolling\" style=\"background-color: rgba(255,255,255,0);background-position: center center;background-repeat: no-repeat;border-width: 0px 0px 0px 0px;border-color:var(--awb-color3);border-style:solid;\" ><div class=\"fusion-builder-row fusion-row fusion-flex-align-items-flex-start\" style=\"max-width:1404px;margin-left: calc(-4% \/ 2 );margin-right: calc(-4% \/ 2 );\"><div class=\"fusion-layout-column fusion_builder_column fusion-builder-column-0 fusion_builder_column_1_1 1_1 fusion-flex-column\"><div class=\"fusion-column-wrapper fusion-flex-justify-content-flex-start fusion-content-layout-column\" style=\"background-position:left top;background-repeat:no-repeat;-webkit-background-size:cover;-moz-background-size:cover;-o-background-size:cover;background-size:cover;padding: 0px 0px 0px 0px;\"><div class=\"fusion-text fusion-text-1\" style=\"transform:translate3d(0,0,0);\"><p>The historian Henr\u00edquez de Jorquera in his &#8220;Annals of Granada&#8221; attributes the foundation of the village to the Arabs of the 8th and 9th century, although before that there was a settlement from the Hispano-Visigothic period and it is believed that it already existed in Roman times under the name of Pinienllus.<\/p>\n<p>Since the 16th century it has changed its name several times, in 1574 it appears as Pinillos de la Sierra, in 1642 as Pinillos del Genil, a name which it will keep until 1810, when it appears definitively under the name of Pinos Genil.<\/p>\n<p>It has a very complicated orography as it is located in the narrow valley formed by the Cerro de la Cruz and the Cerro de Don Luis, with the river Genil dividing its urban centre, which gives it peculiar climatic conditions and a unique beauty.<\/p>\n<p>Its municipal district borders Cenes de la Vega, Granada, D\u00fadar, G\u00fc\u00e9jar Sierra and Monachil. The River Genil and its tributary, the Aguas Blancas, flow through it. It has two distinct nuclei, the town centre proper and Los Pinillos, a neighbourhood separated from the village by about 3 kms.<\/p>\n<\/div><div class=\"fusion-image-carousel fusion-image-carousel-auto lightbox-enabled fusion-carousel-border\"><div class=\"fusion-carousel\" data-autoplay=\"yes\" data-columns=\"5\" data-itemmargin=\"13\" data-itemwidth=\"180\" data-touchscroll=\"no\" data-imagesize=\"auto\"><div class=\"fusion-carousel-positioner\"><ul class=\"fusion-carousel-holder\"><li class=\"fusion-carousel-item\"><div class=\"fusion-carousel-item-wrapper\"><div class=\"fusion-image-wrapper hover-type-zoomin\"><a data-rel=\"iLightbox[image_carousel_1]\" data-title=\"historia (1)\" aria-label=\"historia (1)\" href=\"https:\/\/pinosgenilturismo.com\/wp-content\/uploads\/2022\/09\/historia-1.jpeg\" target=\"_self\"><img decoding=\"async\" width=\"1024\" height=\"683\" src=\"https:\/\/pinosgenilturismo.com\/wp-content\/uploads\/2022\/09\/historia-1.jpeg\" class=\"attachment-full size-full lazyload\" alt=\"\" srcset=\"data:image\/svg+xml,%3Csvg%20xmlns%3D%27http%3A%2F%2Fwww.w3.org%2F2000%2Fsvg%27%20width%3D%271024%27%20height%3D%27683%27%20viewBox%3D%270%200%201024%20683%27%3E%3Crect%20width%3D%271024%27%20height%3D%273683%27%20fill-opacity%3D%220%22%2F%3E%3C%2Fsvg%3E\" data-orig-src=\"https:\/\/pinosgenilturismo.com\/wp-content\/uploads\/2022\/09\/historia-1.jpeg\" data-srcset=\"https:\/\/pinosgenilturismo.com\/wp-content\/uploads\/2022\/09\/historia-1-200x133.jpeg 200w, https:\/\/pinosgenilturismo.com\/wp-content\/uploads\/2022\/09\/historia-1-400x267.jpeg 400w, https:\/\/pinosgenilturismo.com\/wp-content\/uploads\/2022\/09\/historia-1-600x400.jpeg 600w, https:\/\/pinosgenilturismo.com\/wp-content\/uploads\/2022\/09\/historia-1-800x534.jpeg 800w, https:\/\/pinosgenilturismo.com\/wp-content\/uploads\/2022\/09\/historia-1.jpeg 1024w\" data-sizes=\"auto\" \/><\/a><\/div><\/div><\/li><li class=\"fusion-carousel-item\"><div class=\"fusion-carousel-item-wrapper\"><div class=\"fusion-image-wrapper hover-type-zoomin\"><a data-rel=\"iLightbox[image_carousel_1]\" data-title=\"historia (1)\" aria-label=\"historia (1)\" href=\"https:\/\/pinosgenilturismo.com\/wp-content\/uploads\/2022\/09\/historia-1-scaled.jpg\" target=\"_self\"><img decoding=\"async\" width=\"2560\" height=\"2174\" src=\"https:\/\/pinosgenilturismo.com\/wp-content\/uploads\/2022\/09\/historia-1-scaled.jpg\" class=\"attachment-full size-full lazyload\" alt=\"\" srcset=\"data:image\/svg+xml,%3Csvg%20xmlns%3D%27http%3A%2F%2Fwww.w3.org%2F2000%2Fsvg%27%20width%3D%272560%27%20height%3D%272174%27%20viewBox%3D%270%200%202560%202174%27%3E%3Crect%20width%3D%272560%27%20height%3D%2732174%27%20fill-opacity%3D%220%22%2F%3E%3C%2Fsvg%3E\" data-orig-src=\"https:\/\/pinosgenilturismo.com\/wp-content\/uploads\/2022\/09\/historia-1-scaled.jpg\" data-srcset=\"https:\/\/pinosgenilturismo.com\/wp-content\/uploads\/2022\/09\/historia-1-200x170.jpg 200w, https:\/\/pinosgenilturismo.com\/wp-content\/uploads\/2022\/09\/historia-1-400x340.jpg 400w, https:\/\/pinosgenilturismo.com\/wp-content\/uploads\/2022\/09\/historia-1-600x509.jpg 600w, https:\/\/pinosgenilturismo.com\/wp-content\/uploads\/2022\/09\/historia-1-800x679.jpg 800w, https:\/\/pinosgenilturismo.com\/wp-content\/uploads\/2022\/09\/historia-1-1200x1019.jpg 1200w, https:\/\/pinosgenilturismo.com\/wp-content\/uploads\/2022\/09\/historia-1-scaled.jpg 2560w\" data-sizes=\"auto\" \/><\/a><\/div><\/div><\/li><li class=\"fusion-carousel-item\"><div class=\"fusion-carousel-item-wrapper\"><div class=\"fusion-image-wrapper hover-type-zoomin\"><a data-rel=\"iLightbox[image_carousel_1]\" data-title=\"historia (2)\" aria-label=\"historia (2)\" href=\"https:\/\/pinosgenilturismo.com\/wp-content\/uploads\/2022\/09\/historia-2.jpeg\" target=\"_self\"><img decoding=\"async\" width=\"1024\" height=\"712\" src=\"https:\/\/pinosgenilturismo.com\/wp-content\/uploads\/2022\/09\/historia-2.jpeg\" class=\"attachment-full size-full lazyload\" alt=\"\" srcset=\"data:image\/svg+xml,%3Csvg%20xmlns%3D%27http%3A%2F%2Fwww.w3.org%2F2000%2Fsvg%27%20width%3D%271024%27%20height%3D%27712%27%20viewBox%3D%270%200%201024%20712%27%3E%3Crect%20width%3D%271024%27%20height%3D%273712%27%20fill-opacity%3D%220%22%2F%3E%3C%2Fsvg%3E\" data-orig-src=\"https:\/\/pinosgenilturismo.com\/wp-content\/uploads\/2022\/09\/historia-2.jpeg\" data-srcset=\"https:\/\/pinosgenilturismo.com\/wp-content\/uploads\/2022\/09\/historia-2-200x139.jpeg 200w, https:\/\/pinosgenilturismo.com\/wp-content\/uploads\/2022\/09\/historia-2-400x278.jpeg 400w, https:\/\/pinosgenilturismo.com\/wp-content\/uploads\/2022\/09\/historia-2-600x417.jpeg 600w, https:\/\/pinosgenilturismo.com\/wp-content\/uploads\/2022\/09\/historia-2-800x556.jpeg 800w, https:\/\/pinosgenilturismo.com\/wp-content\/uploads\/2022\/09\/historia-2.jpeg 1024w\" data-sizes=\"auto\" \/><\/a><\/div><\/div><\/li><li class=\"fusion-carousel-item\"><div class=\"fusion-carousel-item-wrapper\"><div class=\"fusion-image-wrapper hover-type-zoomin\"><a data-rel=\"iLightbox[image_carousel_1]\" data-title=\"historia (2)\" aria-label=\"historia (2)\" href=\"https:\/\/pinosgenilturismo.com\/wp-content\/uploads\/2022\/09\/historia-2.jpg\" target=\"_self\"><img decoding=\"async\" width=\"1857\" height=\"1219\" src=\"https:\/\/pinosgenilturismo.com\/wp-content\/uploads\/2022\/09\/historia-2.jpg\" class=\"attachment-full size-full lazyload\" alt=\"\" srcset=\"data:image\/svg+xml,%3Csvg%20xmlns%3D%27http%3A%2F%2Fwww.w3.org%2F2000%2Fsvg%27%20width%3D%271857%27%20height%3D%271219%27%20viewBox%3D%270%200%201857%201219%27%3E%3Crect%20width%3D%271857%27%20height%3D%2731219%27%20fill-opacity%3D%220%22%2F%3E%3C%2Fsvg%3E\" data-orig-src=\"https:\/\/pinosgenilturismo.com\/wp-content\/uploads\/2022\/09\/historia-2.jpg\" data-srcset=\"https:\/\/pinosgenilturismo.com\/wp-content\/uploads\/2022\/09\/historia-2-200x131.jpg 200w, https:\/\/pinosgenilturismo.com\/wp-content\/uploads\/2022\/09\/historia-2-400x263.jpg 400w, https:\/\/pinosgenilturismo.com\/wp-content\/uploads\/2022\/09\/historia-2-600x394.jpg 600w, https:\/\/pinosgenilturismo.com\/wp-content\/uploads\/2022\/09\/historia-2-800x525.jpg 800w, https:\/\/pinosgenilturismo.com\/wp-content\/uploads\/2022\/09\/historia-2-1200x788.jpg 1200w, https:\/\/pinosgenilturismo.com\/wp-content\/uploads\/2022\/09\/historia-2.jpg 1857w\" data-sizes=\"auto\" \/><\/a><\/div><\/div><\/li><li class=\"fusion-carousel-item\"><div class=\"fusion-carousel-item-wrapper\"><div class=\"fusion-image-wrapper hover-type-zoomin\"><a data-rel=\"iLightbox[image_carousel_1]\" data-title=\"historia (3)\" aria-label=\"historia (3)\" href=\"https:\/\/pinosgenilturismo.com\/wp-content\/uploads\/2022\/09\/historia-3.jpeg\" target=\"_self\"><img decoding=\"async\" width=\"1024\" height=\"683\" src=\"https:\/\/pinosgenilturismo.com\/wp-content\/uploads\/2022\/09\/historia-3.jpeg\" class=\"attachment-full size-full lazyload\" alt=\"\" srcset=\"data:image\/svg+xml,%3Csvg%20xmlns%3D%27http%3A%2F%2Fwww.w3.org%2F2000%2Fsvg%27%20width%3D%271024%27%20height%3D%27683%27%20viewBox%3D%270%200%201024%20683%27%3E%3Crect%20width%3D%271024%27%20height%3D%273683%27%20fill-opacity%3D%220%22%2F%3E%3C%2Fsvg%3E\" data-orig-src=\"https:\/\/pinosgenilturismo.com\/wp-content\/uploads\/2022\/09\/historia-3.jpeg\" data-srcset=\"https:\/\/pinosgenilturismo.com\/wp-content\/uploads\/2022\/09\/historia-3-200x133.jpeg 200w, https:\/\/pinosgenilturismo.com\/wp-content\/uploads\/2022\/09\/historia-3-400x267.jpeg 400w, https:\/\/pinosgenilturismo.com\/wp-content\/uploads\/2022\/09\/historia-3-600x400.jpeg 600w, https:\/\/pinosgenilturismo.com\/wp-content\/uploads\/2022\/09\/historia-3-800x534.jpeg 800w, https:\/\/pinosgenilturismo.com\/wp-content\/uploads\/2022\/09\/historia-3.jpeg 1024w\" data-sizes=\"auto\" \/><\/a><\/div><\/div><\/li><li class=\"fusion-carousel-item\"><div class=\"fusion-carousel-item-wrapper\"><div class=\"fusion-image-wrapper hover-type-zoomin\"><a data-rel=\"iLightbox[image_carousel_1]\" data-title=\"historia (3)\" aria-label=\"historia (3)\" href=\"https:\/\/pinosgenilturismo.com\/wp-content\/uploads\/2022\/09\/historia-3.jpg\" target=\"_self\"><img decoding=\"async\" width=\"2210\" height=\"1551\" src=\"https:\/\/pinosgenilturismo.com\/wp-content\/uploads\/2022\/09\/historia-3.jpg\" class=\"attachment-full size-full lazyload\" alt=\"\" srcset=\"data:image\/svg+xml,%3Csvg%20xmlns%3D%27http%3A%2F%2Fwww.w3.org%2F2000%2Fsvg%27%20width%3D%272210%27%20height%3D%271551%27%20viewBox%3D%270%200%202210%201551%27%3E%3Crect%20width%3D%272210%27%20height%3D%2731551%27%20fill-opacity%3D%220%22%2F%3E%3C%2Fsvg%3E\" data-orig-src=\"https:\/\/pinosgenilturismo.com\/wp-content\/uploads\/2022\/09\/historia-3.jpg\" data-srcset=\"https:\/\/pinosgenilturismo.com\/wp-content\/uploads\/2022\/09\/historia-3-200x140.jpg 200w, https:\/\/pinosgenilturismo.com\/wp-content\/uploads\/2022\/09\/historia-3-400x281.jpg 400w, https:\/\/pinosgenilturismo.com\/wp-content\/uploads\/2022\/09\/historia-3-600x421.jpg 600w, https:\/\/pinosgenilturismo.com\/wp-content\/uploads\/2022\/09\/historia-3-800x561.jpg 800w, https:\/\/pinosgenilturismo.com\/wp-content\/uploads\/2022\/09\/historia-3-1200x842.jpg 1200w, https:\/\/pinosgenilturismo.com\/wp-content\/uploads\/2022\/09\/historia-3.jpg 2210w\" data-sizes=\"auto\" \/><\/a><\/div><\/div><\/li><li class=\"fusion-carousel-item\"><div class=\"fusion-carousel-item-wrapper\"><div class=\"fusion-image-wrapper hover-type-zoomin\"><a data-rel=\"iLightbox[image_carousel_1]\" data-title=\"historia (4)\" aria-label=\"historia (4)\" href=\"https:\/\/pinosgenilturismo.com\/wp-content\/uploads\/2022\/09\/historia-4.jpeg\" target=\"_self\"><img decoding=\"async\" width=\"1024\" height=\"700\" src=\"https:\/\/pinosgenilturismo.com\/wp-content\/uploads\/2022\/09\/historia-4.jpeg\" class=\"attachment-full size-full lazyload\" alt=\"\" srcset=\"data:image\/svg+xml,%3Csvg%20xmlns%3D%27http%3A%2F%2Fwww.w3.org%2F2000%2Fsvg%27%20width%3D%271024%27%20height%3D%27700%27%20viewBox%3D%270%200%201024%20700%27%3E%3Crect%20width%3D%271024%27%20height%3D%273700%27%20fill-opacity%3D%220%22%2F%3E%3C%2Fsvg%3E\" data-orig-src=\"https:\/\/pinosgenilturismo.com\/wp-content\/uploads\/2022\/09\/historia-4.jpeg\" data-srcset=\"https:\/\/pinosgenilturismo.com\/wp-content\/uploads\/2022\/09\/historia-4-200x137.jpeg 200w, https:\/\/pinosgenilturismo.com\/wp-content\/uploads\/2022\/09\/historia-4-400x273.jpeg 400w, https:\/\/pinosgenilturismo.com\/wp-content\/uploads\/2022\/09\/historia-4-600x410.jpeg 600w, https:\/\/pinosgenilturismo.com\/wp-content\/uploads\/2022\/09\/historia-4-800x547.jpeg 800w, https:\/\/pinosgenilturismo.com\/wp-content\/uploads\/2022\/09\/historia-4.jpeg 1024w\" data-sizes=\"auto\" \/><\/a><\/div><\/div><\/li><li class=\"fusion-carousel-item\"><div class=\"fusion-carousel-item-wrapper\"><div class=\"fusion-image-wrapper hover-type-zoomin\"><a data-rel=\"iLightbox[image_carousel_1]\" data-title=\"historia (4)\" aria-label=\"historia (4)\" href=\"https:\/\/pinosgenilturismo.com\/wp-content\/uploads\/2022\/09\/historia-4.jpg\" target=\"_self\"><img decoding=\"async\" width=\"1744\" height=\"1274\" src=\"https:\/\/pinosgenilturismo.com\/wp-content\/uploads\/2022\/09\/historia-4.jpg\" class=\"attachment-full size-full lazyload\" alt=\"\" srcset=\"data:image\/svg+xml,%3Csvg%20xmlns%3D%27http%3A%2F%2Fwww.w3.org%2F2000%2Fsvg%27%20width%3D%271744%27%20height%3D%271274%27%20viewBox%3D%270%200%201744%201274%27%3E%3Crect%20width%3D%271744%27%20height%3D%2731274%27%20fill-opacity%3D%220%22%2F%3E%3C%2Fsvg%3E\" data-orig-src=\"https:\/\/pinosgenilturismo.com\/wp-content\/uploads\/2022\/09\/historia-4.jpg\" data-srcset=\"https:\/\/pinosgenilturismo.com\/wp-content\/uploads\/2022\/09\/historia-4-200x146.jpg 200w, https:\/\/pinosgenilturismo.com\/wp-content\/uploads\/2022\/09\/historia-4-400x292.jpg 400w, https:\/\/pinosgenilturismo.com\/wp-content\/uploads\/2022\/09\/historia-4-600x438.jpg 600w, https:\/\/pinosgenilturismo.com\/wp-content\/uploads\/2022\/09\/historia-4-800x584.jpg 800w, https:\/\/pinosgenilturismo.com\/wp-content\/uploads\/2022\/09\/historia-4-1200x877.jpg 1200w, https:\/\/pinosgenilturismo.com\/wp-content\/uploads\/2022\/09\/historia-4.jpg 1744w\" data-sizes=\"auto\" \/><\/a><\/div><\/div><\/li><li class=\"fusion-carousel-item\"><div class=\"fusion-carousel-item-wrapper\"><div class=\"fusion-image-wrapper hover-type-zoomin\"><a data-rel=\"iLightbox[image_carousel_1]\" data-title=\"historia (5)\" aria-label=\"historia (5)\" href=\"https:\/\/pinosgenilturismo.com\/wp-content\/uploads\/2022\/09\/historia-5.jpeg\" target=\"_self\"><img decoding=\"async\" width=\"1024\" height=\"589\" src=\"https:\/\/pinosgenilturismo.com\/wp-content\/uploads\/2022\/09\/historia-5.jpeg\" class=\"attachment-full size-full lazyload\" alt=\"\" srcset=\"data:image\/svg+xml,%3Csvg%20xmlns%3D%27http%3A%2F%2Fwww.w3.org%2F2000%2Fsvg%27%20width%3D%271024%27%20height%3D%27589%27%20viewBox%3D%270%200%201024%20589%27%3E%3Crect%20width%3D%271024%27%20height%3D%273589%27%20fill-opacity%3D%220%22%2F%3E%3C%2Fsvg%3E\" data-orig-src=\"https:\/\/pinosgenilturismo.com\/wp-content\/uploads\/2022\/09\/historia-5.jpeg\" data-srcset=\"https:\/\/pinosgenilturismo.com\/wp-content\/uploads\/2022\/09\/historia-5-200x115.jpeg 200w, https:\/\/pinosgenilturismo.com\/wp-content\/uploads\/2022\/09\/historia-5-400x230.jpeg 400w, https:\/\/pinosgenilturismo.com\/wp-content\/uploads\/2022\/09\/historia-5-600x345.jpeg 600w, https:\/\/pinosgenilturismo.com\/wp-content\/uploads\/2022\/09\/historia-5-800x460.jpeg 800w, https:\/\/pinosgenilturismo.com\/wp-content\/uploads\/2022\/09\/historia-5.jpeg 1024w\" data-sizes=\"auto\" \/><\/a><\/div><\/div><\/li><li class=\"fusion-carousel-item\"><div class=\"fusion-carousel-item-wrapper\"><div class=\"fusion-image-wrapper hover-type-zoomin\"><a data-rel=\"iLightbox[image_carousel_1]\" data-title=\"historia (5)\" aria-label=\"historia (5)\" href=\"https:\/\/pinosgenilturismo.com\/wp-content\/uploads\/2022\/09\/historia-5.jpg\" target=\"_self\"><img decoding=\"async\" width=\"1567\" height=\"1085\" src=\"https:\/\/pinosgenilturismo.com\/wp-content\/uploads\/2022\/09\/historia-5.jpg\" class=\"attachment-full size-full lazyload\" alt=\"\" srcset=\"data:image\/svg+xml,%3Csvg%20xmlns%3D%27http%3A%2F%2Fwww.w3.org%2F2000%2Fsvg%27%20width%3D%271567%27%20height%3D%271085%27%20viewBox%3D%270%200%201567%201085%27%3E%3Crect%20width%3D%271567%27%20height%3D%2731085%27%20fill-opacity%3D%220%22%2F%3E%3C%2Fsvg%3E\" data-orig-src=\"https:\/\/pinosgenilturismo.com\/wp-content\/uploads\/2022\/09\/historia-5.jpg\" data-srcset=\"https:\/\/pinosgenilturismo.com\/wp-content\/uploads\/2022\/09\/historia-5-200x138.jpg 200w, https:\/\/pinosgenilturismo.com\/wp-content\/uploads\/2022\/09\/historia-5-400x277.jpg 400w, https:\/\/pinosgenilturismo.com\/wp-content\/uploads\/2022\/09\/historia-5-600x415.jpg 600w, https:\/\/pinosgenilturismo.com\/wp-content\/uploads\/2022\/09\/historia-5-800x554.jpg 800w, https:\/\/pinosgenilturismo.com\/wp-content\/uploads\/2022\/09\/historia-5-1200x831.jpg 1200w, https:\/\/pinosgenilturismo.com\/wp-content\/uploads\/2022\/09\/historia-5.jpg 1567w\" data-sizes=\"auto\" \/><\/a><\/div><\/div><\/li><li class=\"fusion-carousel-item\"><div class=\"fusion-carousel-item-wrapper\"><div class=\"fusion-image-wrapper hover-type-zoomin\"><a data-rel=\"iLightbox[image_carousel_1]\" data-title=\"historia (6)\" aria-label=\"historia (6)\" href=\"https:\/\/pinosgenilturismo.com\/wp-content\/uploads\/2022\/09\/historia-6.jpeg\" target=\"_self\"><img decoding=\"async\" width=\"1024\" height=\"615\" src=\"https:\/\/pinosgenilturismo.com\/wp-content\/uploads\/2022\/09\/historia-6.jpeg\" class=\"attachment-full size-full lazyload\" alt=\"\" srcset=\"data:image\/svg+xml,%3Csvg%20xmlns%3D%27http%3A%2F%2Fwww.w3.org%2F2000%2Fsvg%27%20width%3D%271024%27%20height%3D%27615%27%20viewBox%3D%270%200%201024%20615%27%3E%3Crect%20width%3D%271024%27%20height%3D%273615%27%20fill-opacity%3D%220%22%2F%3E%3C%2Fsvg%3E\" data-orig-src=\"https:\/\/pinosgenilturismo.com\/wp-content\/uploads\/2022\/09\/historia-6.jpeg\" data-srcset=\"https:\/\/pinosgenilturismo.com\/wp-content\/uploads\/2022\/09\/historia-6-200x120.jpeg 200w, https:\/\/pinosgenilturismo.com\/wp-content\/uploads\/2022\/09\/historia-6-400x240.jpeg 400w, https:\/\/pinosgenilturismo.com\/wp-content\/uploads\/2022\/09\/historia-6-600x360.jpeg 600w, https:\/\/pinosgenilturismo.com\/wp-content\/uploads\/2022\/09\/historia-6-800x480.jpeg 800w, https:\/\/pinosgenilturismo.com\/wp-content\/uploads\/2022\/09\/historia-6.jpeg 1024w\" data-sizes=\"auto\" \/><\/a><\/div><\/div><\/li><li class=\"fusion-carousel-item\"><div class=\"fusion-carousel-item-wrapper\"><div class=\"fusion-image-wrapper hover-type-zoomin\"><a data-rel=\"iLightbox[image_carousel_1]\" data-title=\"historia (6)\" aria-label=\"historia (6)\" href=\"https:\/\/pinosgenilturismo.com\/wp-content\/uploads\/2022\/09\/historia-6-scaled.jpg\" target=\"_self\"><img decoding=\"async\" width=\"2560\" height=\"1742\" src=\"https:\/\/pinosgenilturismo.com\/wp-content\/uploads\/2022\/09\/historia-6-scaled.jpg\" class=\"attachment-full size-full lazyload\" alt=\"\" srcset=\"data:image\/svg+xml,%3Csvg%20xmlns%3D%27http%3A%2F%2Fwww.w3.org%2F2000%2Fsvg%27%20width%3D%272560%27%20height%3D%271742%27%20viewBox%3D%270%200%202560%201742%27%3E%3Crect%20width%3D%272560%27%20height%3D%2731742%27%20fill-opacity%3D%220%22%2F%3E%3C%2Fsvg%3E\" data-orig-src=\"https:\/\/pinosgenilturismo.com\/wp-content\/uploads\/2022\/09\/historia-6-scaled.jpg\" data-srcset=\"https:\/\/pinosgenilturismo.com\/wp-content\/uploads\/2022\/09\/historia-6-200x136.jpg 200w, https:\/\/pinosgenilturismo.com\/wp-content\/uploads\/2022\/09\/historia-6-400x272.jpg 400w, https:\/\/pinosgenilturismo.com\/wp-content\/uploads\/2022\/09\/historia-6-600x408.jpg 600w, https:\/\/pinosgenilturismo.com\/wp-content\/uploads\/2022\/09\/historia-6-800x544.jpg 800w, https:\/\/pinosgenilturismo.com\/wp-content\/uploads\/2022\/09\/historia-6-1200x817.jpg 1200w, https:\/\/pinosgenilturismo.com\/wp-content\/uploads\/2022\/09\/historia-6-scaled.jpg 2560w\" data-sizes=\"auto\" \/><\/a><\/div><\/div><\/li><li class=\"fusion-carousel-item\"><div class=\"fusion-carousel-item-wrapper\"><div class=\"fusion-image-wrapper hover-type-zoomin\"><a data-rel=\"iLightbox[image_carousel_1]\" data-title=\"historia (7)\" aria-label=\"historia (7)\" href=\"https:\/\/pinosgenilturismo.com\/wp-content\/uploads\/2022\/09\/historia-7.jpeg\" target=\"_self\"><img decoding=\"async\" width=\"1024\" height=\"735\" src=\"https:\/\/pinosgenilturismo.com\/wp-content\/uploads\/2022\/09\/historia-7.jpeg\" class=\"attachment-full size-full lazyload\" alt=\"\" srcset=\"data:image\/svg+xml,%3Csvg%20xmlns%3D%27http%3A%2F%2Fwww.w3.org%2F2000%2Fsvg%27%20width%3D%271024%27%20height%3D%27735%27%20viewBox%3D%270%200%201024%20735%27%3E%3Crect%20width%3D%271024%27%20height%3D%273735%27%20fill-opacity%3D%220%22%2F%3E%3C%2Fsvg%3E\" data-orig-src=\"https:\/\/pinosgenilturismo.com\/wp-content\/uploads\/2022\/09\/historia-7.jpeg\" data-srcset=\"https:\/\/pinosgenilturismo.com\/wp-content\/uploads\/2022\/09\/historia-7-200x144.jpeg 200w, https:\/\/pinosgenilturismo.com\/wp-content\/uploads\/2022\/09\/historia-7-400x287.jpeg 400w, https:\/\/pinosgenilturismo.com\/wp-content\/uploads\/2022\/09\/historia-7-600x431.jpeg 600w, https:\/\/pinosgenilturismo.com\/wp-content\/uploads\/2022\/09\/historia-7-800x574.jpeg 800w, https:\/\/pinosgenilturismo.com\/wp-content\/uploads\/2022\/09\/historia-7.jpeg 1024w\" data-sizes=\"auto\" \/><\/a><\/div><\/div><\/li><\/ul><div class=\"fusion-carousel-nav\"><span class=\"fusion-nav-prev\"><\/span><span class=\"fusion-nav-next\"><\/span><\/div><\/div><\/div><\/div><div class=\"fusion-text fusion-text-2\" style=\"transform:translate3d(0,0,0);\"><p>The inhabitants are called &#8220;pinero&#8221; and &#8220;pinera&#8221;. And their affectionate nickname is &#8220;rano&#8221; and &#8220;rana&#8221;.<\/p>\n<p>Pinos Genil has a privileged location between Granada and Sierra Nevada, being only 9 km from the capital of Granada and 23 km from the ski resort of Pradollano, with whose history it has always been closely linked.<\/p>\n<p>Until well into the 20th century, Sierra Nevada had never been a centre of attraction for skiing, despite the fact that at the end of the 19th century, the Granada writer \u00c1ngel Ganivet, Spanish consul in Helsinki, recognised that it offered excellent opportunities for snow sports on the peaks of Granada.<\/p>\n<p>It was in 1929 when the Sierra Nevada Society, the third oldest club in Spain and a pioneer in Andalusia, built the first lodge in the Hoya de la Mora, in the Granada mountain massif.<\/p>\n<p>It was in the 1920s that it received a great boost from the Duke of San Pedro de Galatino with the construction of the Granada-Sierra Nevada road and the Sierra Nevada tramway.<\/p>\n<p>The vicissitudes of history meant that the development of snow tourism in the Sierra Nevada changed its initial project, which envisaged the location of the ski areas in the plains of Otero and Hoya de la Mora, which would be accessed by tram from Granada to the Barranco de San Juan (G\u00fc\u00e9jar Sierra) and from there by cable car to the area of the hostels, for that of locating the ski resort in Pradollano and opting for access to it via the Sierra Nevada road.<\/p>\n<p>Both the Sierra Nevada tramway, which had a station in Pinos Genil, and the road, which passed through the village itself, had an impact on the economic development of the municipality, so that the history of Pinos Genil cannot be understood without the Sierra Nevada and the projects of the Duke of San Pedro de Galatino.<\/p>\n<\/div><\/div><\/div><style type=\"text\/css\">.fusion-body .fusion-builder-column-0{width:100% !important;margin-top : 0px;margin-bottom : 0px;}.fusion-builder-column-0 > .fusion-column-wrapper {padding-top : 0px !important;padding-right : 0px !important;margin-right : 1.92%;padding-bottom : 0px !important;padding-left : 0px !important;margin-left : 1.92%;}@media only screen and (max-width:900px) {.fusion-body .fusion-builder-column-0{width:100% !important;}.fusion-builder-column-0 > .fusion-column-wrapper {margin-right : 1.92%;margin-left : 1.92%;}}@media only screen and (max-width:640px) {.fusion-body .fusion-builder-column-0{width:100% !important;}.fusion-builder-column-0 > .fusion-column-wrapper {margin-right : 1.92%;margin-left : 1.92%;}}<\/style><\/div><style type=\"text\/css\">.fusion-body .fusion-flex-container.fusion-builder-row-1{ padding-top : 0px;margin-top : 0px;padding-right : 0px;padding-bottom : 0px;margin-bottom : 0px;padding-left : 0px;}<\/style><\/div>\n","protected":false},"excerpt":{"rendered":"","protected":false},"author":1,"featured_media":0,"parent":0,"menu_order":0,"comment_status":"closed","ping_status":"closed","template":"","meta":{"footnotes":""},"yst_prominent_words":[],"class_list":["post-2327","page","type-page","status-publish","hentry"],"acf":[],"_links":{"self":[{"href":"https:\/\/pinosgenilturismo.com\/en\/wp-json\/wp\/v2\/pages\/2327","targetHints":{"allow":["GET"]}}],"collection":[{"href":"https:\/\/pinosgenilturismo.com\/en\/wp-json\/wp\/v2\/pages"}],"about":[{"href":"https:\/\/pinosgenilturismo.com\/en\/wp-json\/wp\/v2\/types\/page"}],"author":[{"embeddable":true,"href":"https:\/\/pinosgenilturismo.com\/en\/wp-json\/wp\/v2\/users\/1"}],"replies":[{"embeddable":true,"href":"https:\/\/pinosgenilturismo.com\/en\/wp-json\/wp\/v2\/comments?post=2327"}],"version-history":[{"count":4,"href":"https:\/\/pinosgenilturismo.com\/en\/wp-json\/wp\/v2\/pages\/2327\/revisions"}],"predecessor-version":[{"id":2421,"href":"https:\/\/pinosgenilturismo.com\/en\/wp-json\/wp\/v2\/pages\/2327\/revisions\/2421"}],"wp:attachment":[{"href":"https:\/\/pinosgenilturismo.com\/en\/wp-json\/wp\/v2\/media?parent=2327"}],"wp:term":[{"taxonomy":"yst_prominent_words","embeddable":true,"href":"https:\/\/pinosgenilturismo.com\/en\/wp-json\/wp\/v2\/yst_prominent_words?post=2327"}],"curies":[{"name":"wp","href":"https:\/\/api.w.org\/{rel}","templated":true}]}}